{"id":23,"date":"2025-04-10T23:15:29","date_gmt":"2025-04-10T23:15:29","guid":{"rendered":"https:\/\/villamani.com\/?page_id=23"},"modified":"2025-11-26T05:00:11","modified_gmt":"2025-11-26T05:00:11","slug":"experiencias","status":"publish","type":"page","link":"https:\/\/villamani.com\/en\/experiencias\/","title":{"rendered":"Experiences"},"content":{"rendered":"<div data-elementor-type=\"wp-page\" data-elementor-id=\"23\" class=\"elementor elementor-23\" data-elementor-post-type=\"page\">\n\t\t\t\t<div class=\"elementor-element elementor-element-033abe4 e-flex e-con-boxed e-con e-parent\" data-id=\"033abe4\" data-element_type=\"container\" data-e-type=\"container\" data-settings=\"{&quot;background_background&quot;:&quot;classic&quot;}\">\n\t\t\t\t\t<div class=\"e-con-inner\">\n\t\t<div class=\"elementor-element elementor-element-b375c0e e-con-full e-flex e-con e-child\" data-id=\"b375c0e\" data-element_type=\"container\" data-e-type=\"container\">\n\t\t\t\t<div class=\"elementor-element elementor-element-84b645e elementor-widget elementor-widget-heading\" data-id=\"84b645e\" data-element_type=\"widget\" data-e-type=\"widget\" data-widget_type=\"heading.default\">\n\t\t\t\t<div class=\"elementor-widget-container\">\n\t\t\t\t\t<h2 class=\"elementor-heading-title elementor-size-default\">Featured Experiences<\/h2>\t\t\t\t<\/div>\n\t\t\t\t<\/div>\n\t\t\t\t<div class=\"elementor-element elementor-element-475d80e elementor-widget-tablet__width-inherit elementor-invisible elementor-widget elementor-widget-text-editor\" data-id=\"475d80e\" data-element_type=\"widget\" data-e-type=\"widget\" data-settings=\"{&quot;_animation&quot;:&quot;fadeInUp&quot;}\" data-widget_type=\"text-editor.default\">\n\t\t\t\t<div class=\"elementor-widget-container\">\n\t\t\t\t\t\t\t\t\t<p>Whether you're celebrating a meaningful moment, refining a strategy, or preparing for a very special day, Villa Mani offers peaceful and meticulously designed spaces for unforgettable stays. From the understated elegance of its interiors to the refined charm of its outdoor areas, every experience feels Iike a much-needed and deeply welcomed escape\u2014an unexpected blend of hacienda-style beauty and residential comfort, nestled in the heart of McAllen.\u00a0<\/p>\t\t\t\t\t\t\t\t<\/div>\n\t\t\t\t<\/div>\n\t\t\t\t<\/div>\n\t\t<div class=\"elementor-element elementor-element-5791c50 e-con-full e-flex e-con e-child\" data-id=\"5791c50\" data-element_type=\"container\" data-e-type=\"container\">\n\t\t\t\t<div class=\"elementor-element elementor-element-a0fcc35 elementor-widget elementor-widget-text-editor\" data-id=\"a0fcc35\" data-element_type=\"widget\" data-e-type=\"widget\" data-widget_type=\"text-editor.default\">\n\t\t\t\t<div class=\"elementor-widget-container\">\n\t\t\t\t\t\t\t\t\t<style>\n  :root {\n    --ldg-bnb-background: #ffffff;\n    --ldg-bnb-border-radius: 0.42em;\n    --ldg-bnb-box-shadow: 0px 24px 54px 0px rgba(0, 0, 0, 0.1);\n    --ldg-bnb-padding: 14px;\n    --ldg-bnb-input-background: #ffffff;\n    --ldg-bnb-button-border-radius: 0.42em;\n\n    --ldg-bnb-color-primary: #fac600;\n    --ldg-bnb-color-primary-lighter:#fde380;\n    --ldg-bnb-color-primary-darker: #7d6300;\n    --ldg-bnb-color-primary-contrast: #333333;\n    --ldg-component-calendar-cell-selection-bg-color: #fac600;\n    --ldg-component-calendar-cell-selection-color: #333333;\n    --ldg-component-calendar-cell-selected-bg-color: #fde380;\n    --ldg-component-calendar-cell-selected-color: #333333;\n    --ldg-bnb-font-family: inherit;\n  }\n  #lodgify-book-now-box {    \n    width: 100%;\n  }\n<\/style>\n<div\n  id=\"lodgify-book-now-box\"\n  data-rental-id=\"731719\"\n  data-website-id=\"619810\"\n  data-slug=\"villamani\"\n  data-language-code=\"en\"\n  data-new-tab=\"true\"\n  data-version=\"stable\"\n  \n  \n  data-has-guests-breakdown\n data-check-in-label='Check-in'\n  data-check-out-label='Check-out'\n  data-guests-label='Guests'\n  data-guests-singular-label='{{NumberOfGuests}} guest'\n  data-guests-plural-label='{{NumberOfGuests}} guests'\n  data-location-input-label='Location'\n  data-total-price-label='Total price:'\n  data-select-dates-to-see-price-label='Select dates to see total price'\n  data-minimum-price-per-night-first-label='From'\n  data-minimum-price-per-night-second-label='per night'\n  data-book-button-label='Book Now'\n  data-guests-breakdown-label='Guests'\n  data-adults-label='{\"one\":\"adult\",\"other\":\"adults\"}'\n  data-adults-description='Ages {minAge} or above'\n  data-children-label='{\"one\":\"child\",\"other\":\"children\"}'\n  data-children-description='Ages {minAge}-{maxAge}'\n  data-children-not-allowed-label='Not suitable for children'\n  data-infants-label='{\"one\":\"infant\",\"other\":\"infants\"}'\n  data-infants-description='Under {maxAge}'\n  data-infants-not-allowed-label='Not suitable for infants'\n  data-pets-label='{\"one\":\"pet\",\"other\":\"pets\"}'\n  data-pets-not-allowed-label='Not allowed'\n  data-done-label='Done'\n  \n><\/div>\n  \t\t\t\t\t\t\t\t<\/div>\n\t\t\t\t<\/div>\n\t\t\t\t<\/div>\n\t\t\t\t\t<\/div>\n\t\t\t\t<\/div>\n\t\t<div class=\"elementor-element elementor-element-741b9b07 e-flex e-con-boxed e-con e-parent\" data-id=\"741b9b07\" data-element_type=\"container\" data-e-type=\"container\">\n\t\t\t\t\t<div class=\"e-con-inner\">\n\t\t<div class=\"elementor-element elementor-element-25e1482 e-con-full e-flex e-con e-child\" data-id=\"25e1482\" data-element_type=\"container\" data-e-type=\"container\">\n\t\t\t\t<div class=\"elementor-element elementor-element-17f4beeb elementor-invisible elementor-widget elementor-widget-heading\" data-id=\"17f4beeb\" data-element_type=\"widget\" data-e-type=\"widget\" data-settings=\"{&quot;_animation&quot;:&quot;fadeInUp&quot;}\" data-widget_type=\"heading.default\">\n\t\t\t\t<div class=\"elementor-widget-container\">\n\t\t\t\t\t<h2 class=\"elementor-heading-title elementor-size-default\">Celebratory Stays<\/h2>\t\t\t\t<\/div>\n\t\t\t\t<\/div>\n\t\t\t\t<div class=\"elementor-element elementor-element-8a80eaa elementor-widget-tablet__width-inherit elementor-invisible elementor-widget elementor-widget-text-editor\" data-id=\"8a80eaa\" data-element_type=\"widget\" data-e-type=\"widget\" data-settings=\"{&quot;_animation&quot;:&quot;fadeInUp&quot;}\" data-widget_type=\"text-editor.default\">\n\t\t\t\t<div class=\"elementor-widget-container\">\n\t\t\t\t\t\t\t\t\t<p class=\"x_elementToProof translation-block\">From rehearsal night lodging to getting-ready mornings, Villa Mani offers a serene and elegant backdrop for life\u2019s most meaningful celebrations.<\/p>\t\t\t\t\t\t\t\t<\/div>\n\t\t\t\t<\/div>\n\t\t\t\t<\/div>\n\t\t<div class=\"elementor-element elementor-element-179a48f2 e-con-full e-flex e-con e-child\" data-id=\"179a48f2\" data-element_type=\"container\" data-e-type=\"container\">\n\t\t\t\t<div class=\"elementor-element elementor-element-659e530d elementor-invisible elementor-widget elementor-widget-image\" data-id=\"659e530d\" data-element_type=\"widget\" data-e-type=\"widget\" data-settings=\"{&quot;_animation&quot;:&quot;fadeInUp&quot;}\" data-widget_type=\"image.default\">\n\t\t\t\t<div class=\"elementor-widget-container\">\n\t\t\t\t\t\t\t\t\t\t\t\t\t\t\t<img fetchpriority=\"high\" decoding=\"async\" width=\"2048\" height=\"1365\" src=\"https:\/\/villamani.com\/wp-content\/uploads\/2025\/04\/large-019138eb-3c95-7279-a305-d413c4ba84b3.jpg\" class=\"attachment-full size-full wp-image-137\" alt=\"\" srcset=\"https:\/\/villamani.com\/wp-content\/uploads\/2025\/04\/large-019138eb-3c95-7279-a305-d413c4ba84b3.jpg 2048w, https:\/\/villamani.com\/wp-content\/uploads\/2025\/04\/large-019138eb-3c95-7279-a305-d413c4ba84b3-300x200.jpg 300w, https:\/\/villamani.com\/wp-content\/uploads\/2025\/04\/large-019138eb-3c95-7279-a305-d413c4ba84b3-1024x683.jpg 1024w, https:\/\/villamani.com\/wp-content\/uploads\/2025\/04\/large-019138eb-3c95-7279-a305-d413c4ba84b3-768x512.jpg 768w, https:\/\/villamani.com\/wp-content\/uploads\/2025\/04\/large-019138eb-3c95-7279-a305-d413c4ba84b3-1536x1024.jpg 1536w\" sizes=\"(max-width: 2048px) 100vw, 2048px\" \/>\t\t\t\t\t\t\t\t\t\t\t\t\t\t\t<\/div>\n\t\t\t\t<\/div>\n\t\t\t\t<\/div>\n\t\t\t\t\t<\/div>\n\t\t\t\t<\/div>\n\t\t<div class=\"elementor-element elementor-element-7acd776f e-flex e-con-boxed elementor-invisible e-con e-parent\" data-id=\"7acd776f\" data-element_type=\"container\" data-e-type=\"container\" data-settings=\"{&quot;animation&quot;:&quot;fadeIn&quot;}\">\n\t\t\t\t\t<div class=\"e-con-inner\">\n\t\t<div class=\"elementor-element elementor-element-3b3ef99d e-con-full elementor-hidden-tablet elementor-hidden-mobile e-flex e-con e-child\" data-id=\"3b3ef99d\" data-element_type=\"container\" data-e-type=\"container\">\n\t\t\t\t<div class=\"elementor-element elementor-element-162abc43 elementor-invisible elementor-widget elementor-widget-image\" data-id=\"162abc43\" data-element_type=\"widget\" data-e-type=\"widget\" data-settings=\"{&quot;_animation&quot;:&quot;fadeInUp&quot;}\" data-widget_type=\"image.default\">\n\t\t\t\t<div class=\"elementor-widget-container\">\n\t\t\t\t\t\t\t\t\t\t\t\t\t\t\t<img decoding=\"async\" width=\"2048\" height=\"1365\" src=\"https:\/\/villamani.com\/wp-content\/uploads\/2025\/04\/large-019138eb-3cd5-7259-ba01-ce7982bf1696.jpg\" class=\"attachment-full size-full wp-image-140\" alt=\"\" srcset=\"https:\/\/villamani.com\/wp-content\/uploads\/2025\/04\/large-019138eb-3cd5-7259-ba01-ce7982bf1696.jpg 2048w, https:\/\/villamani.com\/wp-content\/uploads\/2025\/04\/large-019138eb-3cd5-7259-ba01-ce7982bf1696-300x200.jpg 300w, https:\/\/villamani.com\/wp-content\/uploads\/2025\/04\/large-019138eb-3cd5-7259-ba01-ce7982bf1696-1024x683.jpg 1024w, https:\/\/villamani.com\/wp-content\/uploads\/2025\/04\/large-019138eb-3cd5-7259-ba01-ce7982bf1696-768x512.jpg 768w, https:\/\/villamani.com\/wp-content\/uploads\/2025\/04\/large-019138eb-3cd5-7259-ba01-ce7982bf1696-1536x1024.jpg 1536w\" sizes=\"(max-width: 2048px) 100vw, 2048px\" \/>\t\t\t\t\t\t\t\t\t\t\t\t\t\t\t<\/div>\n\t\t\t\t<\/div>\n\t\t\t\t<\/div>\n\t\t<div class=\"elementor-element elementor-element-7b7c3ec6 e-con-full e-flex e-con e-child\" data-id=\"7b7c3ec6\" data-element_type=\"container\" data-e-type=\"container\">\n\t\t\t\t<div class=\"elementor-element elementor-element-f677bef elementor-invisible elementor-widget elementor-widget-heading\" data-id=\"f677bef\" data-element_type=\"widget\" data-e-type=\"widget\" data-settings=\"{&quot;_animation&quot;:&quot;fadeInUp&quot;}\" data-widget_type=\"heading.default\">\n\t\t\t\t<div class=\"elementor-widget-container\">\n\t\t\t\t\t<h2 class=\"elementor-heading-title elementor-size-default\">Professional Stays<\/h2>\t\t\t\t<\/div>\n\t\t\t\t<\/div>\n\t\t\t\t<div class=\"elementor-element elementor-element-c646c55 elementor-widget-tablet__width-inherit elementor-invisible elementor-widget elementor-widget-text-editor\" data-id=\"c646c55\" data-element_type=\"widget\" data-e-type=\"widget\" data-settings=\"{&quot;_animation&quot;:&quot;fadeInUp&quot;}\" data-widget_type=\"text-editor.default\">\n\t\t\t\t<div class=\"elementor-widget-container\">\n\t\t\t\t\t\t\t\t\t<p class=\"x_elementToProof translation-block\">Whether for legal prep, business strategy, or executive retreats, Villa Mani provides a private and focused setting for professional clarity.<\/p>\t\t\t\t\t\t\t\t<\/div>\n\t\t\t\t<\/div>\n\t\t\t\t<\/div>\n\t\t\t\t\t<\/div>\n\t\t\t\t<\/div>\n\t\t<div class=\"elementor-element elementor-element-c94f0bc e-flex e-con-boxed e-con e-parent\" data-id=\"c94f0bc\" data-element_type=\"container\" data-e-type=\"container\">\n\t\t\t\t\t<div class=\"e-con-inner\">\n\t\t<div class=\"elementor-element elementor-element-476f3d6 e-con-full e-flex e-con e-child\" data-id=\"476f3d6\" data-element_type=\"container\" data-e-type=\"container\">\n\t\t\t\t<div class=\"elementor-element elementor-element-e747f2d elementor-invisible elementor-widget elementor-widget-heading\" data-id=\"e747f2d\" data-element_type=\"widget\" data-e-type=\"widget\" data-settings=\"{&quot;_animation&quot;:&quot;fadeInUp&quot;}\" data-widget_type=\"heading.default\">\n\t\t\t\t<div class=\"elementor-widget-container\">\n\t\t\t\t\t<h2 class=\"elementor-heading-title elementor-size-default\">Creative Escapes<\/h2>\t\t\t\t<\/div>\n\t\t\t\t<\/div>\n\t\t\t\t<div class=\"elementor-element elementor-element-30bcc72 elementor-widget-tablet__width-inherit elementor-invisible elementor-widget elementor-widget-text-editor\" data-id=\"30bcc72\" data-element_type=\"widget\" data-e-type=\"widget\" data-settings=\"{&quot;_animation&quot;:&quot;fadeInUp&quot;}\" data-widget_type=\"text-editor.default\">\n\t\t\t\t<div class=\"elementor-widget-container\">\n\t\t\t\t\t\t\t\t\t<p class=\"x_elementToProof translation-block\">With natural light, cozy corners, and thoughtful details, Villa Mani is a retreat that sparks creativity\u2014whether solo or in good company.<\/p>\t\t\t\t\t\t\t\t<\/div>\n\t\t\t\t<\/div>\n\t\t\t\t<\/div>\n\t\t<div class=\"elementor-element elementor-element-0d9f1db e-con-full e-flex e-con e-child\" data-id=\"0d9f1db\" data-element_type=\"container\" data-e-type=\"container\">\n\t\t\t\t<div class=\"elementor-element elementor-element-8dc7fd6 elementor-invisible elementor-widget elementor-widget-image\" data-id=\"8dc7fd6\" data-element_type=\"widget\" data-e-type=\"widget\" data-settings=\"{&quot;_animation&quot;:&quot;fadeInUp&quot;}\" data-widget_type=\"image.default\">\n\t\t\t\t<div class=\"elementor-widget-container\">\n\t\t\t\t\t\t\t\t\t\t\t\t\t\t\t<img decoding=\"async\" width=\"2048\" height=\"1365\" src=\"https:\/\/villamani.com\/wp-content\/uploads\/2025\/04\/large-019138eb-3f02-7240-80bd-e96c60d1bac3.jpg\" class=\"attachment-full size-full wp-image-162\" alt=\"\" srcset=\"https:\/\/villamani.com\/wp-content\/uploads\/2025\/04\/large-019138eb-3f02-7240-80bd-e96c60d1bac3.jpg 2048w, https:\/\/villamani.com\/wp-content\/uploads\/2025\/04\/large-019138eb-3f02-7240-80bd-e96c60d1bac3-300x200.jpg 300w, https:\/\/villamani.com\/wp-content\/uploads\/2025\/04\/large-019138eb-3f02-7240-80bd-e96c60d1bac3-1024x683.jpg 1024w, https:\/\/villamani.com\/wp-content\/uploads\/2025\/04\/large-019138eb-3f02-7240-80bd-e96c60d1bac3-768x512.jpg 768w, https:\/\/villamani.com\/wp-content\/uploads\/2025\/04\/large-019138eb-3f02-7240-80bd-e96c60d1bac3-1536x1024.jpg 1536w\" sizes=\"(max-width: 2048px) 100vw, 2048px\" \/>\t\t\t\t\t\t\t\t\t\t\t\t\t\t\t<\/div>\n\t\t\t\t<\/div>\n\t\t\t\t<\/div>\n\t\t\t\t\t<\/div>\n\t\t\t\t<\/div>\n\t\t<div class=\"elementor-element elementor-element-cce87bf e-flex e-con-boxed elementor-invisible e-con e-parent\" data-id=\"cce87bf\" data-element_type=\"container\" data-e-type=\"container\" data-settings=\"{&quot;animation&quot;:&quot;fadeIn&quot;}\">\n\t\t\t\t\t<div class=\"e-con-inner\">\n\t\t<div class=\"elementor-element elementor-element-46d62ee e-con-full e-flex e-con e-child\" data-id=\"46d62ee\" data-element_type=\"container\" data-e-type=\"container\">\n\t\t\t\t<div class=\"elementor-element elementor-element-6fc0ab9 elementor-invisible elementor-widget elementor-widget-image\" data-id=\"6fc0ab9\" data-element_type=\"widget\" data-e-type=\"widget\" data-settings=\"{&quot;_animation&quot;:&quot;fadeInUp&quot;}\" data-widget_type=\"image.default\">\n\t\t\t\t<div class=\"elementor-widget-container\">\n\t\t\t\t\t\t\t\t\t\t\t\t\t\t\t<img loading=\"lazy\" decoding=\"async\" width=\"2048\" height=\"1365\" src=\"https:\/\/villamani.com\/wp-content\/uploads\/2025\/08\/91-web-or-mls-1-14-2.jpg\" class=\"attachment-full size-full wp-image-902\" alt=\"\" srcset=\"https:\/\/villamani.com\/wp-content\/uploads\/2025\/08\/91-web-or-mls-1-14-2.jpg 2048w, https:\/\/villamani.com\/wp-content\/uploads\/2025\/08\/91-web-or-mls-1-14-2-300x200.jpg 300w, https:\/\/villamani.com\/wp-content\/uploads\/2025\/08\/91-web-or-mls-1-14-2-1024x683.jpg 1024w, https:\/\/villamani.com\/wp-content\/uploads\/2025\/08\/91-web-or-mls-1-14-2-768x512.jpg 768w, https:\/\/villamani.com\/wp-content\/uploads\/2025\/08\/91-web-or-mls-1-14-2-1536x1024.jpg 1536w, https:\/\/villamani.com\/wp-content\/uploads\/2025\/08\/91-web-or-mls-1-14-2-18x12.jpg 18w\" sizes=\"(max-width: 2048px) 100vw, 2048px\" \/>\t\t\t\t\t\t\t\t\t\t\t\t\t\t\t<\/div>\n\t\t\t\t<\/div>\n\t\t\t\t<\/div>\n\t\t<div class=\"elementor-element elementor-element-dd8e991 e-con-full e-flex e-con e-child\" data-id=\"dd8e991\" data-element_type=\"container\" data-e-type=\"container\">\n\t\t\t\t<div class=\"elementor-element elementor-element-33c23df elementor-invisible elementor-widget elementor-widget-heading\" data-id=\"33c23df\" data-element_type=\"widget\" data-e-type=\"widget\" data-settings=\"{&quot;_animation&quot;:&quot;fadeInUp&quot;}\" data-widget_type=\"heading.default\">\n\t\t\t\t<div class=\"elementor-widget-container\">\n\t\t\t\t\t<h2 class=\"elementor-heading-title elementor-size-default\">Staycations<\/h2>\t\t\t\t<\/div>\n\t\t\t\t<\/div>\n\t\t\t\t<div class=\"elementor-element elementor-element-87d3bad elementor-widget-tablet__width-inherit elementor-invisible elementor-widget elementor-widget-text-editor\" data-id=\"87d3bad\" data-element_type=\"widget\" data-e-type=\"widget\" data-settings=\"{&quot;_animation&quot;:&quot;fadeInUp&quot;}\" data-widget_type=\"text-editor.default\">\n\t\t\t\t<div class=\"elementor-widget-container\">\n\t\t\t\t\t\t\t\t\t<div class=\"x_elementToProof\"><p class=\"x_elementToProof\"><span data-olk-copy-source=\"MessageBody\">Villa\u00a0<span class=\"mark6mduy2oee\" data-markjs=\"true\" data-ogac=\"\" data-ogab=\"\" data-ogsc=\"\" data-ogsb=\"\">Villa Mani welcomes spontaneous getaways with comfort and bicultural character\u2014perfect for anyone looking to unwind, reconnect, or spark inspiration, all without leaving the RGV<\/span> recibe escapadas improvisadas con calidez y alma regional ideal para quienes buscan descanso, reconexi\u00f3n o un toque de inspiraci\u00f3n, sin salir del Valle del Rio Grande.<\/span><\/p><\/div>\t\t\t\t\t\t\t\t<\/div>\n\t\t\t\t<\/div>\n\t\t\t\t<\/div>\n\t\t\t\t\t<\/div>\n\t\t\t\t<\/div>\n\t\t<div class=\"elementor-element elementor-element-c3a36f7 e-flex e-con-boxed e-con e-parent\" data-id=\"c3a36f7\" data-element_type=\"container\" data-e-type=\"container\">\n\t\t\t\t\t<div class=\"e-con-inner\">\n\t\t\t\t<div class=\"elementor-element elementor-element-f441e52 elementor-widget elementor-widget-text-editor\" data-id=\"f441e52\" data-element_type=\"widget\" data-e-type=\"widget\" data-widget_type=\"text-editor.default\">\n\t\t\t\t<div class=\"elementor-widget-container\">\n\t\t\t\t\t\t\t\t\t<script src=\"https:\/\/app.lodgify.com\/book-now-box\/stable\/renderBookNowBox.js\" defer><\/script>\t\t\t\t\t\t\t\t<\/div>\n\t\t\t\t<\/div>\n\t\t\t\t\t<\/div>\n\t\t\t\t<\/div>\n\t\t\t\t<\/div>","protected":false},"excerpt":{"rendered":"<p>Experiencias Destacadas Ya sea que est\u00e9s celebrando un momento importante, afinando una estrategia o prepar\u00e1ndote para un d\u00eda muy especial, Villa Mani ofrece espacios tranquilos y meticulosamente dise\u00f1ados para estancias inolvidables. Desde la elegancia discreta de sus interiores hasta el encanto refinado de sus espacios al aire libre, cada experiencia se siente como una escapada [&hellip;]<\/p>\n","protected":false},"author":1,"featured_media":0,"parent":0,"menu_order":0,"comment_status":"closed","ping_status":"closed","template":"elementor_header_footer","meta":{"_joinchat":[],"footnotes":""},"class_list":["post-23","page","type-page","status-publish","hentry"],"yoast_head":"<!-- This site is optimized with the Yoast SEO plugin v27.2 - https:\/\/yoast.com\/product\/yoast-seo-wordpress\/ -->\n<title>Experiencias - Villa Mani<\/title>\n<meta name=\"robots\" content=\"index, follow, max-snippet:-1, max-image-preview:large, max-video-preview:-1\" \/>\n<link rel=\"canonical\" href=\"https:\/\/villamani.com\/en\/experiencias\/\" \/>\n<meta property=\"og:locale\" content=\"en_US\" \/>\n<meta property=\"og:type\" content=\"article\" \/>\n<meta property=\"og:title\" content=\"Experiencias - Villa Mani\" \/>\n<meta property=\"og:description\" content=\"Experiencias Destacadas Ya sea que est\u00e9s celebrando un momento importante, afinando una estrategia o prepar\u00e1ndote para un d\u00eda muy especial, Villa Mani ofrece espacios tranquilos y meticulosamente dise\u00f1ados para estancias inolvidables. Desde la elegancia discreta de sus interiores hasta el encanto refinado de sus espacios al aire libre, cada experiencia se siente como una escapada [&hellip;]\" \/>\n<meta property=\"og:url\" content=\"https:\/\/villamani.com\/en\/experiencias\/\" \/>\n<meta property=\"og:site_name\" content=\"Villa Mani\" \/>\n<meta property=\"article:modified_time\" content=\"2025-11-26T05:00:11+00:00\" \/>\n<meta property=\"og:image\" content=\"https:\/\/villamani.com\/wp-content\/uploads\/2025\/04\/large-019138eb-3c95-7279-a305-d413c4ba84b3.jpg\" \/>\n\t<meta property=\"og:image:width\" content=\"2048\" \/>\n\t<meta property=\"og:image:height\" content=\"1365\" \/>\n\t<meta property=\"og:image:type\" content=\"image\/jpeg\" \/>\n<meta name=\"twitter:card\" content=\"summary_large_image\" \/>\n<meta name=\"twitter:label1\" content=\"Est. reading time\" \/>\n\t<meta name=\"twitter:data1\" content=\"2 minutes\" \/>\n<script type=\"application\/ld+json\" class=\"yoast-schema-graph\">{\"@context\":\"https:\/\/schema.org\",\"@graph\":[{\"@type\":\"WebPage\",\"@id\":\"https:\/\/villamani.com\/experiencias\/\",\"url\":\"https:\/\/villamani.com\/experiencias\/\",\"name\":\"Experiencias - Villa Mani\",\"isPartOf\":{\"@id\":\"https:\/\/villamani.com\/#website\"},\"primaryImageOfPage\":{\"@id\":\"https:\/\/villamani.com\/experiencias\/#primaryimage\"},\"image\":{\"@id\":\"https:\/\/villamani.com\/experiencias\/#primaryimage\"},\"thumbnailUrl\":\"https:\/\/villamani.com\/wp-content\/uploads\/2025\/04\/large-019138eb-3c95-7279-a305-d413c4ba84b3.jpg\",\"datePublished\":\"2025-04-10T23:15:29+00:00\",\"dateModified\":\"2025-11-26T05:00:11+00:00\",\"breadcrumb\":{\"@id\":\"https:\/\/villamani.com\/experiencias\/#breadcrumb\"},\"inLanguage\":\"en-US\",\"potentialAction\":[{\"@type\":\"ReadAction\",\"target\":[\"https:\/\/villamani.com\/experiencias\/\"]}]},{\"@type\":\"ImageObject\",\"inLanguage\":\"en-US\",\"@id\":\"https:\/\/villamani.com\/experiencias\/#primaryimage\",\"url\":\"https:\/\/villamani.com\/wp-content\/uploads\/2025\/04\/large-019138eb-3c95-7279-a305-d413c4ba84b3.jpg\",\"contentUrl\":\"https:\/\/villamani.com\/wp-content\/uploads\/2025\/04\/large-019138eb-3c95-7279-a305-d413c4ba84b3.jpg\"},{\"@type\":\"BreadcrumbList\",\"@id\":\"https:\/\/villamani.com\/experiencias\/#breadcrumb\",\"itemListElement\":[{\"@type\":\"ListItem\",\"position\":1,\"name\":\"Portada\",\"item\":\"https:\/\/villamani.com\/\"},{\"@type\":\"ListItem\",\"position\":2,\"name\":\"Experiencias\"}]},{\"@type\":\"WebSite\",\"@id\":\"https:\/\/villamani.com\/#website\",\"url\":\"https:\/\/villamani.com\/\",\"name\":\"Villa Mani\",\"description\":\"\",\"potentialAction\":[{\"@type\":\"SearchAction\",\"target\":{\"@type\":\"EntryPoint\",\"urlTemplate\":\"https:\/\/villamani.com\/?s={search_term_string}\"},\"query-input\":{\"@type\":\"PropertyValueSpecification\",\"valueRequired\":true,\"valueName\":\"search_term_string\"}}],\"inLanguage\":\"en-US\"}]}<\/script>\n<!-- \/ Yoast SEO plugin. -->","yoast_head_json":{"title":"Experiencias - Villa Mani","robots":{"index":"index","follow":"follow","max-snippet":"max-snippet:-1","max-image-preview":"max-image-preview:large","max-video-preview":"max-video-preview:-1"},"canonical":"https:\/\/villamani.com\/en\/experiencias\/","og_locale":"en_US","og_type":"article","og_title":"Experiencias - Villa Mani","og_description":"Experiencias Destacadas Ya sea que est\u00e9s celebrando un momento importante, afinando una estrategia o prepar\u00e1ndote para un d\u00eda muy especial, Villa Mani ofrece espacios tranquilos y meticulosamente dise\u00f1ados para estancias inolvidables. Desde la elegancia discreta de sus interiores hasta el encanto refinado de sus espacios al aire libre, cada experiencia se siente como una escapada [&hellip;]","og_url":"https:\/\/villamani.com\/en\/experiencias\/","og_site_name":"Villa Mani","article_modified_time":"2025-11-26T05:00:11+00:00","og_image":[{"width":2048,"height":1365,"url":"https:\/\/villamani.com\/wp-content\/uploads\/2025\/04\/large-019138eb-3c95-7279-a305-d413c4ba84b3.jpg","type":"image\/jpeg"}],"twitter_card":"summary_large_image","twitter_misc":{"Est. reading time":"2 minutes"},"schema":{"@context":"https:\/\/schema.org","@graph":[{"@type":"WebPage","@id":"https:\/\/villamani.com\/experiencias\/","url":"https:\/\/villamani.com\/experiencias\/","name":"Experiencias - Villa Mani","isPartOf":{"@id":"https:\/\/villamani.com\/#website"},"primaryImageOfPage":{"@id":"https:\/\/villamani.com\/experiencias\/#primaryimage"},"image":{"@id":"https:\/\/villamani.com\/experiencias\/#primaryimage"},"thumbnailUrl":"https:\/\/villamani.com\/wp-content\/uploads\/2025\/04\/large-019138eb-3c95-7279-a305-d413c4ba84b3.jpg","datePublished":"2025-04-10T23:15:29+00:00","dateModified":"2025-11-26T05:00:11+00:00","breadcrumb":{"@id":"https:\/\/villamani.com\/experiencias\/#breadcrumb"},"inLanguage":"en-US","potentialAction":[{"@type":"ReadAction","target":["https:\/\/villamani.com\/experiencias\/"]}]},{"@type":"ImageObject","inLanguage":"en-US","@id":"https:\/\/villamani.com\/experiencias\/#primaryimage","url":"https:\/\/villamani.com\/wp-content\/uploads\/2025\/04\/large-019138eb-3c95-7279-a305-d413c4ba84b3.jpg","contentUrl":"https:\/\/villamani.com\/wp-content\/uploads\/2025\/04\/large-019138eb-3c95-7279-a305-d413c4ba84b3.jpg"},{"@type":"BreadcrumbList","@id":"https:\/\/villamani.com\/experiencias\/#breadcrumb","itemListElement":[{"@type":"ListItem","position":1,"name":"Portada","item":"https:\/\/villamani.com\/"},{"@type":"ListItem","position":2,"name":"Experiencias"}]},{"@type":"WebSite","@id":"https:\/\/villamani.com\/#website","url":"https:\/\/villamani.com\/","name":"Villa Mani","description":"","potentialAction":[{"@type":"SearchAction","target":{"@type":"EntryPoint","urlTemplate":"https:\/\/villamani.com\/?s={search_term_string}"},"query-input":{"@type":"PropertyValueSpecification","valueRequired":true,"valueName":"search_term_string"}}],"inLanguage":"en-US"}]}},"_links":{"self":[{"href":"https:\/\/villamani.com\/en\/wp-json\/wp\/v2\/pages\/23","targetHints":{"allow":["GET"]}}],"collection":[{"href":"https:\/\/villamani.com\/en\/wp-json\/wp\/v2\/pages"}],"about":[{"href":"https:\/\/villamani.com\/en\/wp-json\/wp\/v2\/types\/page"}],"author":[{"embeddable":true,"href":"https:\/\/villamani.com\/en\/wp-json\/wp\/v2\/users\/1"}],"replies":[{"embeddable":true,"href":"https:\/\/villamani.com\/en\/wp-json\/wp\/v2\/comments?post=23"}],"version-history":[{"count":82,"href":"https:\/\/villamani.com\/en\/wp-json\/wp\/v2\/pages\/23\/revisions"}],"predecessor-version":[{"id":1277,"href":"https:\/\/villamani.com\/en\/wp-json\/wp\/v2\/pages\/23\/revisions\/1277"}],"wp:attachment":[{"href":"https:\/\/villamani.com\/en\/wp-json\/wp\/v2\/media?parent=23"}],"curies":[{"name":"wp","href":"https:\/\/api.w.org\/{rel}","templated":true}]}}