{"id":25,"date":"2025-04-10T23:16:06","date_gmt":"2025-04-10T23:16:06","guid":{"rendered":"https:\/\/villamani.com\/?page_id=25"},"modified":"2025-10-22T01:47:51","modified_gmt":"2025-10-22T01:47:51","slug":"sobre-nosotros","status":"publish","type":"page","link":"https:\/\/villamani.com\/en\/sobre-nosotros\/","title":{"rendered":"About Us"},"content":{"rendered":"<div data-elementor-type=\"wp-page\" data-elementor-id=\"25\" class=\"elementor elementor-25\" data-elementor-post-type=\"page\">\n\t\t\t\t<div class=\"elementor-element elementor-element-37cd68c4 e-flex e-con-boxed e-con e-parent\" data-id=\"37cd68c4\" data-element_type=\"container\" data-e-type=\"container\">\n\t\t\t\t\t<div class=\"e-con-inner\">\n\t\t<div class=\"elementor-element elementor-element-545b4352 e-con-full e-flex e-con e-child\" data-id=\"545b4352\" data-element_type=\"container\" data-e-type=\"container\">\n\t\t\t\t<div class=\"elementor-element elementor-element-75434435 elementor-invisible elementor-widget elementor-widget-heading\" data-id=\"75434435\" data-element_type=\"widget\" data-e-type=\"widget\" data-settings=\"{&quot;_animation&quot;:&quot;fadeInUp&quot;}\" data-widget_type=\"heading.default\">\n\t\t\t\t<div class=\"elementor-widget-container\">\n\t\t\t\t\t<h1 class=\"elementor-heading-title elementor-size-default\">About us<\/h1>\t\t\t\t<\/div>\n\t\t\t\t<\/div>\n\t\t\t\t<\/div>\n\t\t<div class=\"elementor-element elementor-element-7777d479 e-con-full e-flex e-con e-child\" data-id=\"7777d479\" data-element_type=\"container\" data-e-type=\"container\">\n\t\t\t\t<div class=\"elementor-element elementor-element-5425404c elementor-widget-tablet__width-inherit elementor-invisible elementor-widget elementor-widget-text-editor\" data-id=\"5425404c\" data-element_type=\"widget\" data-e-type=\"widget\" data-settings=\"{&quot;_animation&quot;:&quot;fadeInUp&quot;}\" data-widget_type=\"text-editor.default\">\n\t\t\t\t<div class=\"elementor-widget-container\">\n\t\t\t\t\t\t\t\t\t<div class=\"x_elementToProof\"><p>Villa Mani is a family-founded residential retreat in McAllen, Texas\u2014 designed to offer distinctive stays for professionals, locals, and visitors seeking rest, focus, renewal, or celebration. Tucked in a quiet neighborhood with nearby easy access to key destinations such as the McAllen Airport, Quinta Mazatl\u00e5n, the medical district, and more, our spaces invite harmony and connection through refined comfort and hacienda-inspired charm.<\/p><\/div>\t\t\t\t\t\t\t\t<\/div>\n\t\t\t\t<\/div>\n\t\t\t\t<\/div>\n\t\t\t\t\t<\/div>\n\t\t\t\t<\/div>\n\t\t<div class=\"elementor-element elementor-element-64cf7d6a e-con-full e-flex e-con e-parent\" data-id=\"64cf7d6a\" data-element_type=\"container\" data-e-type=\"container\">\n\t\t<div class=\"elementor-element elementor-element-617e133b e-con-full e-flex e-con e-child\" data-id=\"617e133b\" data-element_type=\"container\" data-e-type=\"container\">\n\t\t\t\t<div class=\"elementor-element elementor-element-75e14742 elementor-invisible elementor-widget elementor-widget-image\" data-id=\"75e14742\" data-element_type=\"widget\" data-e-type=\"widget\" data-settings=\"{&quot;_animation&quot;:&quot;fadeInUp&quot;}\" data-widget_type=\"image.default\">\n\t\t\t\t<div class=\"elementor-widget-container\">\n\t\t\t\t\t\t\t\t\t\t\t\t\t\t\t<img fetchpriority=\"high\" decoding=\"async\" width=\"2048\" height=\"1365\" src=\"https:\/\/villamani.com\/wp-content\/uploads\/2025\/04\/large-019177eb-4fce-7216-97e9-005a5973112b.jpeg\" class=\"attachment-full size-full wp-image-191\" alt=\"\" srcset=\"https:\/\/villamani.com\/wp-content\/uploads\/2025\/04\/large-019177eb-4fce-7216-97e9-005a5973112b.jpeg 2048w, https:\/\/villamani.com\/wp-content\/uploads\/2025\/04\/large-019177eb-4fce-7216-97e9-005a5973112b-300x200.jpeg 300w, https:\/\/villamani.com\/wp-content\/uploads\/2025\/04\/large-019177eb-4fce-7216-97e9-005a5973112b-1024x683.jpeg 1024w, https:\/\/villamani.com\/wp-content\/uploads\/2025\/04\/large-019177eb-4fce-7216-97e9-005a5973112b-768x512.jpeg 768w, https:\/\/villamani.com\/wp-content\/uploads\/2025\/04\/large-019177eb-4fce-7216-97e9-005a5973112b-1536x1024.jpeg 1536w\" sizes=\"(max-width: 2048px) 100vw, 2048px\" \/>\t\t\t\t\t\t\t\t\t\t\t\t\t\t\t<\/div>\n\t\t\t\t<\/div>\n\t\t\t\t<\/div>\n\t\t\t\t<\/div>\n\t\t<div class=\"elementor-element elementor-element-766f0898 e-flex e-con-boxed elementor-invisible e-con e-parent\" data-id=\"766f0898\" data-element_type=\"container\" data-e-type=\"container\" data-settings=\"{&quot;animation&quot;:&quot;fadeIn&quot;}\">\n\t\t\t\t\t<div class=\"e-con-inner\">\n\t\t<div class=\"elementor-element elementor-element-571b6e30 e-con-full e-flex e-con e-child\" data-id=\"571b6e30\" data-element_type=\"container\" data-e-type=\"container\">\n\t\t\t\t<div class=\"elementor-element elementor-element-36c500d1 elementor-invisible elementor-widget elementor-widget-heading\" data-id=\"36c500d1\" data-element_type=\"widget\" data-e-type=\"widget\" data-settings=\"{&quot;_animation&quot;:&quot;fadeInUp&quot;}\" data-widget_type=\"heading.default\">\n\t\t\t\t<div class=\"elementor-widget-container\">\n\t\t\t\t\t<h2 class=\"elementor-heading-title elementor-size-default\">Our Vision\n<\/h2>\t\t\t\t<\/div>\n\t\t\t\t<\/div>\n\t\t\t\t<div class=\"elementor-element elementor-element-1b7ade2d elementor-widget-tablet__width-inherit elementor-invisible elementor-widget elementor-widget-text-editor\" data-id=\"1b7ade2d\" data-element_type=\"widget\" data-e-type=\"widget\" data-settings=\"{&quot;_animation&quot;:&quot;fadeInUp&quot;}\" data-widget_type=\"text-editor.default\">\n\t\t\t\t<div class=\"elementor-widget-container\">\n\t\t\t\t\t\t\t\t\t<p>We aspire Villa Mani becoming the preferred overnight residential retreat for meaningful occasions, upscale lodging for professionals and business guests, and restorative escapes in the Rio Grande Valley.<\/p><p><br>\nWhether welcoming travelers from afar or RGV residents seeking renewal close to home, our goal is to offer a stay experience that feels comfortable, harmonious, and distinctly different.<\/p>\t\t\t\t\t\t\t\t<\/div>\n\t\t\t\t<\/div>\n\t\t\t\t<\/div>\n\t\t<div class=\"elementor-element elementor-element-73b8ea07 e-con-full e-flex e-con e-child\" data-id=\"73b8ea07\" data-element_type=\"container\" data-e-type=\"container\">\n\t\t\t\t<div class=\"elementor-element elementor-element-345843ef elementor-invisible elementor-widget elementor-widget-image\" data-id=\"345843ef\" data-element_type=\"widget\" data-e-type=\"widget\" data-settings=\"{&quot;_animation&quot;:&quot;fadeInUp&quot;}\" data-widget_type=\"image.default\">\n\t\t\t\t<div class=\"elementor-widget-container\">\n\t\t\t\t\t\t\t\t\t\t\t\t\t\t\t<img decoding=\"async\" width=\"2048\" height=\"1365\" src=\"https:\/\/villamani.com\/wp-content\/uploads\/2025\/04\/large-019138eb-3c3b-734e-aa91-c9e1b7d985e0.jpg\" class=\"attachment-full size-full wp-image-132\" alt=\"\" srcset=\"https:\/\/villamani.com\/wp-content\/uploads\/2025\/04\/large-019138eb-3c3b-734e-aa91-c9e1b7d985e0.jpg 2048w, https:\/\/villamani.com\/wp-content\/uploads\/2025\/04\/large-019138eb-3c3b-734e-aa91-c9e1b7d985e0-300x200.jpg 300w, https:\/\/villamani.com\/wp-content\/uploads\/2025\/04\/large-019138eb-3c3b-734e-aa91-c9e1b7d985e0-1024x683.jpg 1024w, https:\/\/villamani.com\/wp-content\/uploads\/2025\/04\/large-019138eb-3c3b-734e-aa91-c9e1b7d985e0-768x512.jpg 768w, https:\/\/villamani.com\/wp-content\/uploads\/2025\/04\/large-019138eb-3c3b-734e-aa91-c9e1b7d985e0-1536x1024.jpg 1536w\" sizes=\"(max-width: 2048px) 100vw, 2048px\" \/>\t\t\t\t\t\t\t\t\t\t\t\t\t\t\t<\/div>\n\t\t\t\t<\/div>\n\t\t\t\t<\/div>\n\t\t\t\t\t<\/div>\n\t\t\t\t<\/div>\n\t\t\t\t<\/div>","protected":false},"excerpt":{"rendered":"<p>Sobre nosotros Villa Mani es un retiro residencial en McAllen, Texas, fundado por nuestra familia\u2014dise\u00f1ado para ofrecer estancias distintivas a profesionales, residentes locales y visitantes for\u00e1neos que buscan descanso, enfoque, renovaci\u00f3n o celebraci\u00f3n. Ubicado en un vecindario tranquilo con acceso cercano y f\u00e1cil a destinos clave como el Aeropuerto de McAllen, Quinta Mazatl\u00e1n, el distrito [&hellip;]<\/p>\n","protected":false},"author":1,"featured_media":0,"parent":0,"menu_order":0,"comment_status":"closed","ping_status":"closed","template":"elementor_header_footer","meta":{"_joinchat":[],"footnotes":""},"class_list":["post-25","page","type-page","status-publish","hentry"],"yoast_head":"<!-- This site is optimized with the Yoast SEO plugin v27.2 - https:\/\/yoast.com\/product\/yoast-seo-wordpress\/ -->\n<title>Sobre Nosotros - Villa Mani<\/title>\n<meta name=\"robots\" content=\"index, follow, max-snippet:-1, max-image-preview:large, max-video-preview:-1\" \/>\n<link rel=\"canonical\" href=\"https:\/\/villamani.com\/en\/sobre-nosotros\/\" \/>\n<meta property=\"og:locale\" content=\"en_US\" \/>\n<meta property=\"og:type\" content=\"article\" \/>\n<meta property=\"og:title\" content=\"Sobre Nosotros - Villa Mani\" \/>\n<meta property=\"og:description\" content=\"Sobre nosotros Villa Mani es un retiro residencial en McAllen, Texas, fundado por nuestra familia\u2014dise\u00f1ado para ofrecer estancias distintivas a profesionales, residentes locales y visitantes for\u00e1neos que buscan descanso, enfoque, renovaci\u00f3n o celebraci\u00f3n. Ubicado en un vecindario tranquilo con acceso cercano y f\u00e1cil a destinos clave como el Aeropuerto de McAllen, Quinta Mazatl\u00e1n, el distrito [&hellip;]\" \/>\n<meta property=\"og:url\" content=\"https:\/\/villamani.com\/en\/sobre-nosotros\/\" \/>\n<meta property=\"og:site_name\" content=\"Villa Mani\" \/>\n<meta property=\"article:modified_time\" content=\"2025-10-22T01:47:51+00:00\" \/>\n<meta property=\"og:image\" content=\"https:\/\/villamani.com\/wp-content\/uploads\/2025\/04\/large-019177eb-4fce-7216-97e9-005a5973112b.jpeg\" \/>\n\t<meta property=\"og:image:width\" content=\"2048\" \/>\n\t<meta property=\"og:image:height\" content=\"1365\" \/>\n\t<meta property=\"og:image:type\" content=\"image\/jpeg\" \/>\n<meta name=\"twitter:card\" content=\"summary_large_image\" \/>\n<meta name=\"twitter:label1\" content=\"Est. reading time\" \/>\n\t<meta name=\"twitter:data1\" content=\"2 minutes\" \/>\n<script type=\"application\/ld+json\" class=\"yoast-schema-graph\">{\"@context\":\"https:\/\/schema.org\",\"@graph\":[{\"@type\":\"WebPage\",\"@id\":\"https:\/\/villamani.com\/sobre-nosotros\/\",\"url\":\"https:\/\/villamani.com\/sobre-nosotros\/\",\"name\":\"Sobre Nosotros - Villa Mani\",\"isPartOf\":{\"@id\":\"https:\/\/villamani.com\/#website\"},\"primaryImageOfPage\":{\"@id\":\"https:\/\/villamani.com\/sobre-nosotros\/#primaryimage\"},\"image\":{\"@id\":\"https:\/\/villamani.com\/sobre-nosotros\/#primaryimage\"},\"thumbnailUrl\":\"https:\/\/villamani.com\/wp-content\/uploads\/2025\/04\/large-019177eb-4fce-7216-97e9-005a5973112b.jpeg\",\"datePublished\":\"2025-04-10T23:16:06+00:00\",\"dateModified\":\"2025-10-22T01:47:51+00:00\",\"breadcrumb\":{\"@id\":\"https:\/\/villamani.com\/sobre-nosotros\/#breadcrumb\"},\"inLanguage\":\"en-US\",\"potentialAction\":[{\"@type\":\"ReadAction\",\"target\":[\"https:\/\/villamani.com\/sobre-nosotros\/\"]}]},{\"@type\":\"ImageObject\",\"inLanguage\":\"en-US\",\"@id\":\"https:\/\/villamani.com\/sobre-nosotros\/#primaryimage\",\"url\":\"https:\/\/villamani.com\/wp-content\/uploads\/2025\/04\/large-019177eb-4fce-7216-97e9-005a5973112b.jpeg\",\"contentUrl\":\"https:\/\/villamani.com\/wp-content\/uploads\/2025\/04\/large-019177eb-4fce-7216-97e9-005a5973112b.jpeg\"},{\"@type\":\"BreadcrumbList\",\"@id\":\"https:\/\/villamani.com\/sobre-nosotros\/#breadcrumb\",\"itemListElement\":[{\"@type\":\"ListItem\",\"position\":1,\"name\":\"Portada\",\"item\":\"https:\/\/villamani.com\/\"},{\"@type\":\"ListItem\",\"position\":2,\"name\":\"Sobre Nosotros\"}]},{\"@type\":\"WebSite\",\"@id\":\"https:\/\/villamani.com\/#website\",\"url\":\"https:\/\/villamani.com\/\",\"name\":\"Villa Mani\",\"description\":\"\",\"potentialAction\":[{\"@type\":\"SearchAction\",\"target\":{\"@type\":\"EntryPoint\",\"urlTemplate\":\"https:\/\/villamani.com\/?s={search_term_string}\"},\"query-input\":{\"@type\":\"PropertyValueSpecification\",\"valueRequired\":true,\"valueName\":\"search_term_string\"}}],\"inLanguage\":\"en-US\"}]}<\/script>\n<!-- \/ Yoast SEO plugin. -->","yoast_head_json":{"title":"Sobre Nosotros - Villa Mani","robots":{"index":"index","follow":"follow","max-snippet":"max-snippet:-1","max-image-preview":"max-image-preview:large","max-video-preview":"max-video-preview:-1"},"canonical":"https:\/\/villamani.com\/en\/sobre-nosotros\/","og_locale":"en_US","og_type":"article","og_title":"Sobre Nosotros - Villa Mani","og_description":"Sobre nosotros Villa Mani es un retiro residencial en McAllen, Texas, fundado por nuestra familia\u2014dise\u00f1ado para ofrecer estancias distintivas a profesionales, residentes locales y visitantes for\u00e1neos que buscan descanso, enfoque, renovaci\u00f3n o celebraci\u00f3n. Ubicado en un vecindario tranquilo con acceso cercano y f\u00e1cil a destinos clave como el Aeropuerto de McAllen, Quinta Mazatl\u00e1n, el distrito [&hellip;]","og_url":"https:\/\/villamani.com\/en\/sobre-nosotros\/","og_site_name":"Villa Mani","article_modified_time":"2025-10-22T01:47:51+00:00","og_image":[{"width":2048,"height":1365,"url":"https:\/\/villamani.com\/wp-content\/uploads\/2025\/04\/large-019177eb-4fce-7216-97e9-005a5973112b.jpeg","type":"image\/jpeg"}],"twitter_card":"summary_large_image","twitter_misc":{"Est. reading time":"2 minutes"},"schema":{"@context":"https:\/\/schema.org","@graph":[{"@type":"WebPage","@id":"https:\/\/villamani.com\/sobre-nosotros\/","url":"https:\/\/villamani.com\/sobre-nosotros\/","name":"Sobre Nosotros - Villa Mani","isPartOf":{"@id":"https:\/\/villamani.com\/#website"},"primaryImageOfPage":{"@id":"https:\/\/villamani.com\/sobre-nosotros\/#primaryimage"},"image":{"@id":"https:\/\/villamani.com\/sobre-nosotros\/#primaryimage"},"thumbnailUrl":"https:\/\/villamani.com\/wp-content\/uploads\/2025\/04\/large-019177eb-4fce-7216-97e9-005a5973112b.jpeg","datePublished":"2025-04-10T23:16:06+00:00","dateModified":"2025-10-22T01:47:51+00:00","breadcrumb":{"@id":"https:\/\/villamani.com\/sobre-nosotros\/#breadcrumb"},"inLanguage":"en-US","potentialAction":[{"@type":"ReadAction","target":["https:\/\/villamani.com\/sobre-nosotros\/"]}]},{"@type":"ImageObject","inLanguage":"en-US","@id":"https:\/\/villamani.com\/sobre-nosotros\/#primaryimage","url":"https:\/\/villamani.com\/wp-content\/uploads\/2025\/04\/large-019177eb-4fce-7216-97e9-005a5973112b.jpeg","contentUrl":"https:\/\/villamani.com\/wp-content\/uploads\/2025\/04\/large-019177eb-4fce-7216-97e9-005a5973112b.jpeg"},{"@type":"BreadcrumbList","@id":"https:\/\/villamani.com\/sobre-nosotros\/#breadcrumb","itemListElement":[{"@type":"ListItem","position":1,"name":"Portada","item":"https:\/\/villamani.com\/"},{"@type":"ListItem","position":2,"name":"Sobre Nosotros"}]},{"@type":"WebSite","@id":"https:\/\/villamani.com\/#website","url":"https:\/\/villamani.com\/","name":"Villa Mani","description":"","potentialAction":[{"@type":"SearchAction","target":{"@type":"EntryPoint","urlTemplate":"https:\/\/villamani.com\/?s={search_term_string}"},"query-input":{"@type":"PropertyValueSpecification","valueRequired":true,"valueName":"search_term_string"}}],"inLanguage":"en-US"}]}},"_links":{"self":[{"href":"https:\/\/villamani.com\/en\/wp-json\/wp\/v2\/pages\/25","targetHints":{"allow":["GET"]}}],"collection":[{"href":"https:\/\/villamani.com\/en\/wp-json\/wp\/v2\/pages"}],"about":[{"href":"https:\/\/villamani.com\/en\/wp-json\/wp\/v2\/types\/page"}],"author":[{"embeddable":true,"href":"https:\/\/villamani.com\/en\/wp-json\/wp\/v2\/users\/1"}],"replies":[{"embeddable":true,"href":"https:\/\/villamani.com\/en\/wp-json\/wp\/v2\/comments?post=25"}],"version-history":[{"count":43,"href":"https:\/\/villamani.com\/en\/wp-json\/wp\/v2\/pages\/25\/revisions"}],"predecessor-version":[{"id":1194,"href":"https:\/\/villamani.com\/en\/wp-json\/wp\/v2\/pages\/25\/revisions\/1194"}],"wp:attachment":[{"href":"https:\/\/villamani.com\/en\/wp-json\/wp\/v2\/media?parent=25"}],"curies":[{"name":"wp","href":"https:\/\/api.w.org\/{rel}","templated":true}]}}